{"id":26506,"date":"2022-04-14T12:27:54","date_gmt":"2022-04-14T12:27:54","guid":{"rendered":"https:\/\/tonobagno.com\/botiga-de-banys-a-barcelona\/"},"modified":"2025-07-03T08:10:55","modified_gmt":"2025-07-03T08:10:55","slug":"botiga-de-banys-a-barcelona","status":"publish","type":"page","link":"https:\/\/tonobagno.com\/ca\/botiga-de-banys-a-barcelona\/","title":{"rendered":"Botiga de banys a Barcelona"},"content":{"rendered":"\t\t<div data-elementor-type=\"wp-page\" data-elementor-id=\"26506\" class=\"elementor elementor-26506 elementor-19067\" data-elementor-post-type=\"page\">\n\t\t\t\t<div class=\"elementor-element elementor-element-0dd58f2 e-flex e-con-boxed e-con e-parent\" data-id=\"0dd58f2\" data-element_type=\"container\" data-e-type=\"container\">\n\t\t\t\t\t<div class=\"e-con-inner\">\n\t\t<div class=\"elementor-element elementor-element-33db38e e-con-full e-flex e-con e-child\" data-id=\"33db38e\" data-element_type=\"container\" data-e-type=\"container\">\n\t\t\t\t<div class=\"elementor-element elementor-element-7fcd208 elementor-widget elementor-widget-heading\" data-id=\"7fcd208\" data-element_type=\"widget\" data-e-type=\"widget\" data-widget_type=\"heading.default\">\n\t\t\t\t<div class=\"elementor-widget-container\">\n\t\t\t\t\t<h1 class=\"elementor-heading-title elementor-size-default\">Botiga de banys a Barcelona<\/h1>\t\t\t\t<\/div>\n\t\t\t\t<\/div>\n\t\t\t\t<\/div>\n\t\t\t\t\t<\/div>\n\t\t\t\t<\/div>\n\t\t<div class=\"elementor-element elementor-element-526f808 e-flex e-con-boxed e-con e-parent\" data-id=\"526f808\" data-element_type=\"container\" data-e-type=\"container\">\n\t\t\t\t\t<div class=\"e-con-inner\">\n\t\t<div class=\"elementor-element elementor-element-83a0837 e-con-full e-flex e-con e-child\" data-id=\"83a0837\" data-element_type=\"container\" data-e-type=\"container\">\n\t\t\t\t<div class=\"elementor-element elementor-element-1edbc19 elementor-widget elementor-widget-wp-widget-bcn_widget\" data-id=\"1edbc19\" data-element_type=\"widget\" data-e-type=\"widget\" data-widget_type=\"wp-widget-bcn_widget.default\">\n\t\t\t\t<div class=\"elementor-widget-container\">\n\t\t\t\t\t<div class=\"breadcrumbs\" vocab=\"https:\/\/schema.org\/\" typeof=\"BreadcrumbList\"><span property=\"itemListElement\" typeof=\"ListItem\"><a property=\"item\" typeof=\"WebPage\" title=\"V\u00e9s a Tonobagno.\" href=\"https:\/\/tonobagno.com\/ca\/\" class=\"home\" aria-current=\"page\"><span property=\"name\">Tonobagno<\/span><\/a><meta property=\"position\" content=\"1\"><\/span><\/div>\t\t\t\t<\/div>\n\t\t\t\t<\/div>\n\t\t\t\t<\/div>\n\t\t\t\t\t<\/div>\n\t\t\t\t<\/div>\n\t\t<div class=\"elementor-element elementor-element-354212d post-bagno elementor-hidden-mobile e-flex e-con-boxed e-con e-parent\" data-id=\"354212d\" data-element_type=\"container\" data-e-type=\"container\">\n\t\t\t\t\t<div class=\"e-con-inner\">\n\t\t<div class=\"elementor-element elementor-element-1559f2c elementor-hidden-mobile e-con-full e-flex e-con e-child\" data-id=\"1559f2c\" data-element_type=\"container\" data-e-type=\"container\" data-settings=\"{&quot;background_background&quot;:&quot;classic&quot;}\">\n\t\t\t\t<div class=\"elementor-element elementor-element-b7f62f2 elementor-widget elementor-widget-image\" data-id=\"b7f62f2\" data-element_type=\"widget\" data-e-type=\"widget\" data-widget_type=\"image.default\">\n\t\t\t\t<div class=\"elementor-widget-container\">\n\t\t\t\t\t\t\t\t\t\t\t\t\t\t\t<img fetchpriority=\"high\" decoding=\"async\" width=\"960\" height=\"640\" src=\"https:\/\/tonobagno.com\/wp-content\/uploads\/2025\/06\/interior-showroom-bagno-uno.webp\" class=\"attachment-full size-full wp-image-36593\" alt=\"interior-showroom-bagno-uno\" srcset=\"https:\/\/tonobagno.com\/wp-content\/uploads\/2025\/06\/interior-showroom-bagno-uno.webp 960w, https:\/\/tonobagno.com\/wp-content\/uploads\/2025\/06\/interior-showroom-bagno-uno-300x200.webp 300w, https:\/\/tonobagno.com\/wp-content\/uploads\/2025\/06\/interior-showroom-bagno-uno-768x512.webp 768w\" sizes=\"(max-width: 960px) 100vw, 960px\" \/>\t\t\t\t\t\t\t\t\t\t\t\t\t\t\t<\/div>\n\t\t\t\t<\/div>\n\t\t\t\t<div class=\"elementor-element elementor-element-ee8b8fc elementor-widget elementor-widget-image\" data-id=\"ee8b8fc\" data-element_type=\"widget\" data-e-type=\"widget\" data-widget_type=\"image.default\">\n\t\t\t\t<div class=\"elementor-widget-container\">\n\t\t\t\t\t\t\t\t\t\t\t\t\t\t\t<img decoding=\"async\" width=\"960\" height=\"640\" src=\"https:\/\/tonobagno.com\/wp-content\/uploads\/2025\/06\/interior-showroom-bagno-dos.webp\" class=\"attachment-full size-full wp-image-36590\" alt=\"interior-showroom-bagno-dos\" srcset=\"https:\/\/tonobagno.com\/wp-content\/uploads\/2025\/06\/interior-showroom-bagno-dos.webp 960w, https:\/\/tonobagno.com\/wp-content\/uploads\/2025\/06\/interior-showroom-bagno-dos-300x200.webp 300w, https:\/\/tonobagno.com\/wp-content\/uploads\/2025\/06\/interior-showroom-bagno-dos-768x512.webp 768w\" sizes=\"(max-width: 960px) 100vw, 960px\" \/>\t\t\t\t\t\t\t\t\t\t\t\t\t\t\t<\/div>\n\t\t\t\t<\/div>\n\t\t\t\t<div class=\"elementor-element elementor-element-b8a3e43 elementor-widget elementor-widget-video\" data-id=\"b8a3e43\" data-element_type=\"widget\" data-e-type=\"widget\" data-settings=\"{&quot;youtube_url&quot;:&quot;https:\\\/\\\/youtube.com\\\/shorts\\\/3S1Ra6hC8ik?si=xL0_BXXxYEgLFz1R&quot;,&quot;loop&quot;:&quot;yes&quot;,&quot;video_type&quot;:&quot;youtube&quot;,&quot;controls&quot;:&quot;yes&quot;}\" data-widget_type=\"video.default\">\n\t\t\t\t<div class=\"elementor-widget-container\">\n\t\t\t\t\t\t\t<div class=\"elementor-wrapper elementor-open-inline\">\n\t\t\t<div class=\"elementor-video\"><\/div>\t\t<\/div>\n\t\t\t\t\t\t<\/div>\n\t\t\t\t<\/div>\n\t\t\t\t<\/div>\n\t\t<div class=\"elementor-element elementor-element-2c5c204 e-con-full e-flex e-con e-child\" data-id=\"2c5c204\" data-element_type=\"container\" data-e-type=\"container\">\n\t\t\t\t<div class=\"elementor-element elementor-element-72510fc elementor-widget elementor-widget-text-editor\" data-id=\"72510fc\" data-element_type=\"widget\" data-e-type=\"widget\" data-widget_type=\"text-editor.default\">\n\t\t\t\t<div class=\"elementor-widget-container\">\n\t\t\t\t\t\t\t\t\t<h2>Showroom de banys a Barcelona<\/h2><p>Una botiga a Barcelona especialitzada i referent en banys de disseny. 600 m\u00b2 ubicats al centre de la ciutat, on trobar\u00e0s les principals marques nacionals i internacionals de mobles de bany, lavabos, banyeres, aixetes, mampares, plats de dutxa, inodors, miralls i accessoris.<\/p>\t\t\t\t\t\t\t\t<\/div>\n\t\t\t\t<\/div>\n\t\t\t\t<div class=\"elementor-element elementor-element-4863a82 elementor-widget elementor-widget-text-editor\" data-id=\"4863a82\" data-element_type=\"widget\" data-e-type=\"widget\" data-widget_type=\"text-editor.default\">\n\t\t\t\t<div class=\"elementor-widget-container\">\n\t\t\t\t\t\t\t\t\t<p>Als 600 m\u00b2 di\u00e0fans d\u2019exposici\u00f3 de la botiga de banys de Gran Via, 494, Barcelona, et mostrem una \u00e0mplia selecci\u00f3 amb models de les principals marques nacionals i internacionals de banys de disseny, accessoris i mobles per al bany, aix\u00ed com de recanvis.<\/p>\t\t\t\t\t\t\t\t<\/div>\n\t\t\t\t<\/div>\n\t\t\t\t<div class=\"elementor-element elementor-element-2e24dc2 elementor-widget elementor-widget-text-editor\" data-id=\"2e24dc2\" data-element_type=\"widget\" data-e-type=\"widget\" data-widget_type=\"text-editor.default\">\n\t\t\t\t<div class=\"elementor-widget-container\">\n\t\t\t\t\t\t\t\t\t<p>T\u2019oferim un ampli ventall de dissenys i preus, juntament amb les darreres novetats aparegudes al mercat. Treballem amb la majoria dels fabricants.<\/p>\t\t\t\t\t\t\t\t<\/div>\n\t\t\t\t<\/div>\n\t\t\t\t<div class=\"elementor-element elementor-element-9678d9e elementor-widget elementor-widget-text-editor\" data-id=\"9678d9e\" data-element_type=\"widget\" data-e-type=\"widget\" data-widget_type=\"text-editor.default\">\n\t\t\t\t<div class=\"elementor-widget-container\">\n\t\t\t\t\t\t\t\t\t<p>I tamb\u00e9 disposes d\u2019un Outlet on trobar\u00e0s grans descomptes en marques de banys capdavanteres.<\/p>\t\t\t\t\t\t\t\t<\/div>\n\t\t\t\t<\/div>\n\t\t\t\t<div class=\"elementor-element elementor-element-bca94a0 elementor-widget elementor-widget-text-editor\" data-id=\"bca94a0\" data-element_type=\"widget\" data-e-type=\"widget\" data-widget_type=\"text-editor.default\">\n\t\t\t\t<div class=\"elementor-widget-container\">\n\t\t\t\t\t\t\t\t\t<p>El nostre equip d\u2019assessors, altament experimentats, t\u2019ajudar\u00e0 de principi a fi aportant-te tota la informaci\u00f3 t\u00e8cnica que necessitis.<\/p>\t\t\t\t\t\t\t\t<\/div>\n\t\t\t\t<\/div>\n\t\t\t\t<div class=\"elementor-element elementor-element-91a5497 elementor-widget elementor-widget-text-editor\" data-id=\"91a5497\" data-element_type=\"widget\" data-e-type=\"widget\" data-widget_type=\"text-editor.default\">\n\t\t\t\t<div class=\"elementor-widget-container\">\n\t\t\t\t\t\t\t\t\t<p>Mira a continuaci\u00f3 la selecci\u00f3 de marques i novetats per a banys.<\/p>\t\t\t\t\t\t\t\t<\/div>\n\t\t\t\t<\/div>\n\t\t\t\t<div class=\"elementor-element elementor-element-f19d57b elementor-widget elementor-widget-button\" data-id=\"f19d57b\" data-element_type=\"widget\" data-e-type=\"widget\" data-widget_type=\"button.default\">\n\t\t\t\t<div class=\"elementor-widget-container\">\n\t\t\t\t\t\t\t\t\t<div class=\"elementor-button-wrapper\">\n\t\t\t\t\t<a class=\"elementor-button elementor-button-link elementor-size-sm\" href=\"https:\/\/tonobagno.com\/tienda-banos\/\">\n\t\t\t\t\t\t<span class=\"elementor-button-content-wrapper\">\n\t\t\t\t\t\t\t\t\t<span class=\"elementor-button-text\">Selecci\u00f3 de banys<\/span>\n\t\t\t\t\t<\/span>\n\t\t\t\t\t<\/a>\n\t\t\t\t<\/div>\n\t\t\t\t\t\t\t\t<\/div>\n\t\t\t\t<\/div>\n\t\t\t\t<div class=\"elementor-element elementor-element-17860e1 elementor-widget elementor-widget-image\" data-id=\"17860e1\" data-element_type=\"widget\" data-e-type=\"widget\" data-widget_type=\"image.default\">\n\t\t\t\t<div class=\"elementor-widget-container\">\n\t\t\t\t\t\t\t\t\t\t\t\t\t\t\t<img decoding=\"async\" width=\"960\" height=\"640\" src=\"https:\/\/tonobagno.com\/wp-content\/uploads\/2025\/06\/interior-showroom-bagno-tres.webp\" class=\"attachment-full size-full wp-image-36587\" alt=\"interior-showroom-bagno-tres\" srcset=\"https:\/\/tonobagno.com\/wp-content\/uploads\/2025\/06\/interior-showroom-bagno-tres.webp 960w, https:\/\/tonobagno.com\/wp-content\/uploads\/2025\/06\/interior-showroom-bagno-tres-300x200.webp 300w, https:\/\/tonobagno.com\/wp-content\/uploads\/2025\/06\/interior-showroom-bagno-tres-768x512.webp 768w\" sizes=\"(max-width: 960px) 100vw, 960px\" \/>\t\t\t\t\t\t\t\t\t\t\t\t\t\t\t<\/div>\n\t\t\t\t<\/div>\n\t\t\t\t<div class=\"elementor-element elementor-element-64223bf elementor-widget elementor-widget-image\" data-id=\"64223bf\" data-element_type=\"widget\" data-e-type=\"widget\" data-widget_type=\"image.default\">\n\t\t\t\t<div class=\"elementor-widget-container\">\n\t\t\t\t\t\t\t\t\t\t\t\t\t\t\t<img loading=\"lazy\" decoding=\"async\" width=\"960\" height=\"700\" src=\"https:\/\/tonobagno.com\/wp-content\/uploads\/2022\/04\/tienda-de-ban\u0303os-Barcelona-Tono-Bagno.jpg\" class=\"attachment-full size-full wp-image-26365\" alt=\"\" srcset=\"https:\/\/tonobagno.com\/wp-content\/uploads\/2022\/04\/tienda-de-ban\u0303os-Barcelona-Tono-Bagno.jpg 960w, https:\/\/tonobagno.com\/wp-content\/uploads\/2022\/04\/tienda-de-ban\u0303os-Barcelona-Tono-Bagno-300x219.jpg 300w, https:\/\/tonobagno.com\/wp-content\/uploads\/2022\/04\/tienda-de-ban\u0303os-Barcelona-Tono-Bagno-768x560.jpg 768w\" sizes=\"(max-width: 960px) 100vw, 960px\" \/>\t\t\t\t\t\t\t\t\t\t\t\t\t\t\t<\/div>\n\t\t\t\t<\/div>\n\t\t\t\t<\/div>\n\t\t\t\t\t<\/div>\n\t\t\t\t<\/div>\n\t\t<div class=\"elementor-element elementor-element-23f57b9 post-bagno elementor-hidden-desktop elementor-hidden-laptop elementor-hidden-tablet e-flex e-con-boxed e-con e-parent\" data-id=\"23f57b9\" data-element_type=\"container\" data-e-type=\"container\">\n\t\t\t\t\t<div class=\"e-con-inner\">\n\t\t<div class=\"elementor-element elementor-element-919ca7b e-con-full e-flex e-con e-child\" data-id=\"919ca7b\" data-element_type=\"container\" data-e-type=\"container\" data-settings=\"{&quot;background_background&quot;:&quot;classic&quot;}\">\n\t\t\t\t<div class=\"elementor-element elementor-element-2206ff2 elementor-widget elementor-widget-image\" data-id=\"2206ff2\" data-element_type=\"widget\" data-e-type=\"widget\" data-widget_type=\"image.default\">\n\t\t\t\t<div class=\"elementor-widget-container\">\n\t\t\t\t\t\t\t\t\t\t\t\t\t\t\t<img fetchpriority=\"high\" decoding=\"async\" width=\"960\" height=\"640\" src=\"https:\/\/tonobagno.com\/wp-content\/uploads\/2025\/06\/interior-showroom-bagno-uno.webp\" class=\"attachment-full size-full wp-image-36593\" alt=\"interior-showroom-bagno-uno\" srcset=\"https:\/\/tonobagno.com\/wp-content\/uploads\/2025\/06\/interior-showroom-bagno-uno.webp 960w, https:\/\/tonobagno.com\/wp-content\/uploads\/2025\/06\/interior-showroom-bagno-uno-300x200.webp 300w, https:\/\/tonobagno.com\/wp-content\/uploads\/2025\/06\/interior-showroom-bagno-uno-768x512.webp 768w\" sizes=\"(max-width: 960px) 100vw, 960px\" \/>\t\t\t\t\t\t\t\t\t\t\t\t\t\t\t<\/div>\n\t\t\t\t<\/div>\n\t\t\t\t<div class=\"elementor-element elementor-element-f0b9ee8 elementor-widget elementor-widget-image\" data-id=\"f0b9ee8\" data-element_type=\"widget\" data-e-type=\"widget\" data-widget_type=\"image.default\">\n\t\t\t\t<div class=\"elementor-widget-container\">\n\t\t\t\t\t\t\t\t\t\t\t\t\t\t\t<img decoding=\"async\" width=\"960\" height=\"640\" src=\"https:\/\/tonobagno.com\/wp-content\/uploads\/2025\/06\/interior-showroom-bagno-dos.webp\" class=\"attachment-full size-full wp-image-36590\" alt=\"interior-showroom-bagno-dos\" srcset=\"https:\/\/tonobagno.com\/wp-content\/uploads\/2025\/06\/interior-showroom-bagno-dos.webp 960w, https:\/\/tonobagno.com\/wp-content\/uploads\/2025\/06\/interior-showroom-bagno-dos-300x200.webp 300w, https:\/\/tonobagno.com\/wp-content\/uploads\/2025\/06\/interior-showroom-bagno-dos-768x512.webp 768w\" sizes=\"(max-width: 960px) 100vw, 960px\" \/>\t\t\t\t\t\t\t\t\t\t\t\t\t\t\t<\/div>\n\t\t\t\t<\/div>\n\t\t\t\t<div class=\"elementor-element elementor-element-9ce758c elementor-widget elementor-widget-text-editor\" data-id=\"9ce758c\" data-element_type=\"widget\" data-e-type=\"widget\" data-widget_type=\"text-editor.default\">\n\t\t\t\t<div class=\"elementor-widget-container\">\n\t\t\t\t\t\t\t\t\t<h2>Showroom de banys a Barcelona<\/h2><p>Una botiga a Barcelona especialitzada i referent en banys de disseny. 600 m\u00b2 ubicats al centre de la ciutat, on trobar\u00e0s les principals marques nacionals i internacionals de mobles de bany, lavabos, banyeres, aixetes, mampares, plats de dutxa, inodors, miralls i accessoris.<\/p>\t\t\t\t\t\t\t\t<\/div>\n\t\t\t\t<\/div>\n\t\t\t\t<div class=\"elementor-element elementor-element-38e83c8 elementor-widget elementor-widget-text-editor\" data-id=\"38e83c8\" data-element_type=\"widget\" data-e-type=\"widget\" data-widget_type=\"text-editor.default\">\n\t\t\t\t<div class=\"elementor-widget-container\">\n\t\t\t\t\t\t\t\t\t<p>Als 600 m\u00b2 di\u00e0fans d\u2019exposici\u00f3 de la botiga de banys de Gran Via, 494, Barcelona, et mostrem una \u00e0mplia selecci\u00f3 amb models de les principals marques nacionals i internacionals de banys de disseny, accessoris i mobles per al bany, aix\u00ed com de recanvis.<\/p>\t\t\t\t\t\t\t\t<\/div>\n\t\t\t\t<\/div>\n\t\t\t\t<div class=\"elementor-element elementor-element-192c219 elementor-widget elementor-widget-video\" data-id=\"192c219\" data-element_type=\"widget\" data-e-type=\"widget\" data-settings=\"{&quot;youtube_url&quot;:&quot;https:\\\/\\\/youtube.com\\\/shorts\\\/3S1Ra6hC8ik?si=xL0_BXXxYEgLFz1R&quot;,&quot;loop&quot;:&quot;yes&quot;,&quot;video_type&quot;:&quot;youtube&quot;,&quot;controls&quot;:&quot;yes&quot;}\" data-widget_type=\"video.default\">\n\t\t\t\t<div class=\"elementor-widget-container\">\n\t\t\t\t\t\t\t<div class=\"elementor-wrapper elementor-open-inline\">\n\t\t\t<div class=\"elementor-video\"><\/div>\t\t<\/div>\n\t\t\t\t\t\t<\/div>\n\t\t\t\t<\/div>\n\t\t\t\t<\/div>\n\t\t<div class=\"elementor-element elementor-element-e091fe1 e-con-full e-flex e-con e-child\" data-id=\"e091fe1\" data-element_type=\"container\" data-e-type=\"container\">\n\t\t\t\t<div class=\"elementor-element elementor-element-fef77cb elementor-widget elementor-widget-text-editor\" data-id=\"fef77cb\" data-element_type=\"widget\" data-e-type=\"widget\" data-widget_type=\"text-editor.default\">\n\t\t\t\t<div class=\"elementor-widget-container\">\n\t\t\t\t\t\t\t\t\t<p>T\u2019oferim un ampli ventall de dissenys i preus, juntament amb les darreres novetats aparegudes al mercat. Treballem amb la majoria dels fabricants.<\/p>\t\t\t\t\t\t\t\t<\/div>\n\t\t\t\t<\/div>\n\t\t\t\t<div class=\"elementor-element elementor-element-4e16211 elementor-widget elementor-widget-text-editor\" data-id=\"4e16211\" data-element_type=\"widget\" data-e-type=\"widget\" data-widget_type=\"text-editor.default\">\n\t\t\t\t<div class=\"elementor-widget-container\">\n\t\t\t\t\t\t\t\t\t<p>I tamb\u00e9 disposes d\u2019un <a href=\"https:\/\/outlet.tonobagno.com\/\">Outlet de Banys<\/a> en l\u00ednia on trobar\u00e0s promocions i grans descomptes en marques de banys capdavanteres a preus inimaginables.<\/p>\t\t\t\t\t\t\t\t<\/div>\n\t\t\t\t<\/div>\n\t\t\t\t<div class=\"elementor-element elementor-element-efb8f8b elementor-widget elementor-widget-text-editor\" data-id=\"efb8f8b\" data-element_type=\"widget\" data-e-type=\"widget\" data-widget_type=\"text-editor.default\">\n\t\t\t\t<div class=\"elementor-widget-container\">\n\t\t\t\t\t\t\t\t\t<p>El nostre equip d\u2019assessors, altament experimentats, t\u2019ajudar\u00e0 de principi a fi aportant-te tota la informaci\u00f3 t\u00e8cnica que necessitis.<\/p>\t\t\t\t\t\t\t\t<\/div>\n\t\t\t\t<\/div>\n\t\t\t\t<div class=\"elementor-element elementor-element-787ef9b elementor-widget elementor-widget-text-editor\" data-id=\"787ef9b\" data-element_type=\"widget\" data-e-type=\"widget\" data-widget_type=\"text-editor.default\">\n\t\t\t\t<div class=\"elementor-widget-container\">\n\t\t\t\t\t\t\t\t\t<p>Mira a continuaci\u00f3 la selecci\u00f3 de marques i novetats per a banys.<\/p>\t\t\t\t\t\t\t\t<\/div>\n\t\t\t\t<\/div>\n\t\t\t\t<div class=\"elementor-element elementor-element-b52de44 elementor-widget elementor-widget-button\" data-id=\"b52de44\" data-element_type=\"widget\" data-e-type=\"widget\" data-widget_type=\"button.default\">\n\t\t\t\t<div class=\"elementor-widget-container\">\n\t\t\t\t\t\t\t\t\t<div class=\"elementor-button-wrapper\">\n\t\t\t\t\t<a class=\"elementor-button elementor-button-link elementor-size-sm\" href=\"https:\/\/tonobagno.com\/tienda-banos\/\">\n\t\t\t\t\t\t<span class=\"elementor-button-content-wrapper\">\n\t\t\t\t\t\t\t\t\t<span class=\"elementor-button-text\">Selecci\u00f3 de banys<\/span>\n\t\t\t\t\t<\/span>\n\t\t\t\t\t<\/a>\n\t\t\t\t<\/div>\n\t\t\t\t\t\t\t\t<\/div>\n\t\t\t\t<\/div>\n\t\t\t\t<div class=\"elementor-element elementor-element-424b851 elementor-widget elementor-widget-image\" data-id=\"424b851\" data-element_type=\"widget\" data-e-type=\"widget\" data-widget_type=\"image.default\">\n\t\t\t\t<div class=\"elementor-widget-container\">\n\t\t\t\t\t\t\t\t\t\t\t\t\t\t\t<img decoding=\"async\" width=\"960\" height=\"640\" src=\"https:\/\/tonobagno.com\/wp-content\/uploads\/2025\/06\/interior-showroom-bagno-tres.webp\" class=\"attachment-full size-full wp-image-36587\" alt=\"interior-showroom-bagno-tres\" srcset=\"https:\/\/tonobagno.com\/wp-content\/uploads\/2025\/06\/interior-showroom-bagno-tres.webp 960w, https:\/\/tonobagno.com\/wp-content\/uploads\/2025\/06\/interior-showroom-bagno-tres-300x200.webp 300w, https:\/\/tonobagno.com\/wp-content\/uploads\/2025\/06\/interior-showroom-bagno-tres-768x512.webp 768w\" sizes=\"(max-width: 960px) 100vw, 960px\" \/>\t\t\t\t\t\t\t\t\t\t\t\t\t\t\t<\/div>\n\t\t\t\t<\/div>\n\t\t\t\t<div class=\"elementor-element elementor-element-b939049 elementor-widget elementor-widget-image\" data-id=\"b939049\" data-element_type=\"widget\" data-e-type=\"widget\" data-widget_type=\"image.default\">\n\t\t\t\t<div class=\"elementor-widget-container\">\n\t\t\t\t\t\t\t\t\t\t\t\t\t\t\t<img loading=\"lazy\" decoding=\"async\" width=\"960\" height=\"700\" src=\"https:\/\/tonobagno.com\/wp-content\/uploads\/2022\/04\/tienda-de-ban\u0303os-Barcelona-Tono-Bagno.jpg\" class=\"attachment-full size-full wp-image-26365\" alt=\"\" srcset=\"https:\/\/tonobagno.com\/wp-content\/uploads\/2022\/04\/tienda-de-ban\u0303os-Barcelona-Tono-Bagno.jpg 960w, https:\/\/tonobagno.com\/wp-content\/uploads\/2022\/04\/tienda-de-ban\u0303os-Barcelona-Tono-Bagno-300x219.jpg 300w, https:\/\/tonobagno.com\/wp-content\/uploads\/2022\/04\/tienda-de-ban\u0303os-Barcelona-Tono-Bagno-768x560.jpg 768w\" sizes=\"(max-width: 960px) 100vw, 960px\" \/>\t\t\t\t\t\t\t\t\t\t\t\t\t\t\t<\/div>\n\t\t\t\t<\/div>\n\t\t\t\t<\/div>\n\t\t\t\t\t<\/div>\n\t\t\t\t<\/div>\n\t\t<div class=\"elementor-element elementor-element-a8032c6 e-flex e-con-boxed e-con e-parent\" data-id=\"a8032c6\" data-element_type=\"container\" data-e-type=\"container\">\n\t\t\t\t\t<div class=\"e-con-inner\">\n\t\t<div class=\"elementor-element elementor-element-e4a178a post-bagno e-con-full e-flex e-con e-child\" data-id=\"e4a178a\" data-element_type=\"container\" data-e-type=\"container\">\n\t\t\t\t<div class=\"elementor-element elementor-element-ea8a3f4 elementor-widget elementor-widget-heading\" data-id=\"ea8a3f4\" data-element_type=\"widget\" data-e-type=\"widget\" data-widget_type=\"heading.default\">\n\t\t\t\t<div class=\"elementor-widget-container\">\n\t\t\t\t\t<h3 class=\"elementor-heading-title elementor-size-default\">Dades de contacte<\/h3>\t\t\t\t<\/div>\n\t\t\t\t<\/div>\n\t\t\t\t<div class=\"elementor-element elementor-element-3f416e6 elementor-widget elementor-widget-google_maps\" data-id=\"3f416e6\" data-element_type=\"widget\" data-e-type=\"widget\" data-widget_type=\"google_maps.default\">\n\t\t\t\t<div class=\"elementor-widget-container\">\n\t\t\t\t\t\t\t<div class=\"elementor-custom-embed\">\n\t\t\t<iframe loading=\"lazy\"\n\t\t\t\t\tsrc=\"https:\/\/maps.google.com\/maps?q=Gran%20via%20de%20les%20corts%20catalanes%2C%20494%2C%20Barcelona&#038;t=m&#038;z=14&#038;output=embed&#038;iwloc=near\"\n\t\t\t\t\ttitle=\"Gran via de les corts catalanes, 494, Barcelona\"\n\t\t\t\t\taria-label=\"Gran via de les corts catalanes, 494, Barcelona\"\n\t\t\t><\/iframe>\n\t\t<\/div>\n\t\t\t\t\t\t<\/div>\n\t\t\t\t<\/div>\n\t\t<div class=\"elementor-element elementor-element-e927447 e-con-full e-flex e-con e-child\" data-id=\"e927447\" data-element_type=\"container\" data-e-type=\"container\">\n\t\t<div class=\"elementor-element elementor-element-dc333c1 e-con-full e-flex e-con e-child\" data-id=\"dc333c1\" data-element_type=\"container\" data-e-type=\"container\">\n\t\t\t\t<div class=\"elementor-element elementor-element-c86233f elementor-widget elementor-widget-heading\" data-id=\"c86233f\" data-element_type=\"widget\" data-e-type=\"widget\" data-widget_type=\"heading.default\">\n\t\t\t\t<div class=\"elementor-widget-container\">\n\t\t\t\t\t<h4 class=\"elementor-heading-title elementor-size-default\">Botiga de banys a Barcelona<\/h4>\t\t\t\t<\/div>\n\t\t\t\t<\/div>\n\t\t\t\t<div class=\"elementor-element elementor-element-5c22129 elementor-icon-list--layout-traditional elementor-list-item-link-full_width elementor-widget elementor-widget-icon-list\" data-id=\"5c22129\" data-element_type=\"widget\" data-e-type=\"widget\" data-widget_type=\"icon-list.default\">\n\t\t\t\t<div class=\"elementor-widget-container\">\n\t\t\t\t\t\t\t<ul class=\"elementor-icon-list-items\">\n\t\t\t\t\t\t\t<li class=\"elementor-icon-list-item\">\n\t\t\t\t\t\t\t\t\t\t<span class=\"elementor-icon-list-text\">Gran V\u00eda Corts Catalanes, 494<\/span>\n\t\t\t\t\t\t\t\t\t<\/li>\n\t\t\t\t\t\t\t\t<li class=\"elementor-icon-list-item\">\n\t\t\t\t\t\t\t\t\t\t<span class=\"elementor-icon-list-text\">08015 \u2013 Barcelona<\/span>\n\t\t\t\t\t\t\t\t\t<\/li>\n\t\t\t\t\t\t\t\t<li class=\"elementor-icon-list-item\">\n\t\t\t\t\t\t\t\t\t\t<span class=\"elementor-icon-list-text\"><a href=\"tel:+34934546490\">+34 93 454 64 90<\/a><\/span>\n\t\t\t\t\t\t\t\t\t<\/li>\n\t\t\t\t\t\t\t\t<li class=\"elementor-icon-list-item\">\n\t\t\t\t\t\t\t\t\t\t<span class=\"elementor-icon-list-text\"><a href=\"mailto:info@tonobagno.com\">info@tonobagno.com<\/a><\/span>\n\t\t\t\t\t\t\t\t\t<\/li>\n\t\t\t\t\t\t<\/ul>\n\t\t\t\t\t\t<\/div>\n\t\t\t\t<\/div>\n\t\t\t\t<\/div>\n\t\t<div class=\"elementor-element elementor-element-926db80 e-con-full e-flex e-con e-child\" data-id=\"926db80\" data-element_type=\"container\" data-e-type=\"container\">\n\t\t\t\t<div class=\"elementor-element elementor-element-63c4595 elementor-widget elementor-widget-heading\" data-id=\"63c4595\" data-element_type=\"widget\" data-e-type=\"widget\" data-widget_type=\"heading.default\">\n\t\t\t\t<div class=\"elementor-widget-container\">\n\t\t\t\t\t<h3 class=\"elementor-heading-title elementor-size-default\">Horaris<\/h3>\t\t\t\t<\/div>\n\t\t\t\t<\/div>\n\t\t\t\t<div class=\"elementor-element elementor-element-0d5773f elementor-widget elementor-widget-text-editor\" data-id=\"0d5773f\" data-element_type=\"widget\" data-e-type=\"widget\" data-widget_type=\"text-editor.default\">\n\t\t\t\t<div class=\"elementor-widget-container\">\n\t\t\t\t\t\t\t\t\t<p>Dilluns \u2013 Divendres de 9:30h a 13:30h i de 15:30h a 19:00h<\/p><p>Agost: Dilluns &#8211; Divendres de 9:30 a 14:30. Tanquem per\u00a0 vacances del 12 al 27.<\/p>\t\t\t\t\t\t\t\t<\/div>\n\t\t\t\t<\/div>\n\t\t\t\t<\/div>\n\t\t\t\t<\/div>\n\t\t\t\t<\/div>\n\t\t\t\t\t<\/div>\n\t\t\t\t<\/div>\n\t\t\t\t<\/div>\n\t\t","protected":false},"excerpt":{"rendered":"<p>Botiga de banys a Barcelona https:\/\/youtube.com\/shorts\/3S1Ra6hC8ik?si=xL0_BXXxYEgLFz1R Showroom de banys a Barcelona Una botiga a Barcelona especialitzada i referent en banys de disseny. 600 m\u00b2 ubicats al centre de la ciutat, on trobar\u00e0s les principals marques nacionals i internacionals de mobles de bany, lavabos, banyeres, aixetes, mampares, plats de dutxa, inodors, miralls i accessoris. Als 600 [&hellip;]<\/p>\n","protected":false},"author":1,"featured_media":0,"parent":0,"menu_order":0,"comment_status":"closed","ping_status":"closed","template":"elementor_header_footer","meta":{"footnotes":""},"class_list":["post-26506","page","type-page","status-publish","hentry"],"aioseo_notices":[],"_links":{"self":[{"href":"https:\/\/tonobagno.com\/ca\/wp-json\/wp\/v2\/pages\/26506","targetHints":{"allow":["GET"]}}],"collection":[{"href":"https:\/\/tonobagno.com\/ca\/wp-json\/wp\/v2\/pages"}],"about":[{"href":"https:\/\/tonobagno.com\/ca\/wp-json\/wp\/v2\/types\/page"}],"author":[{"embeddable":true,"href":"https:\/\/tonobagno.com\/ca\/wp-json\/wp\/v2\/users\/1"}],"replies":[{"embeddable":true,"href":"https:\/\/tonobagno.com\/ca\/wp-json\/wp\/v2\/comments?post=26506"}],"version-history":[{"count":0,"href":"https:\/\/tonobagno.com\/ca\/wp-json\/wp\/v2\/pages\/26506\/revisions"}],"wp:attachment":[{"href":"https:\/\/tonobagno.com\/ca\/wp-json\/wp\/v2\/media?parent=26506"}],"curies":[{"name":"wp","href":"https:\/\/api.w.org\/{rel}","templated":true}]}}